{"id":164,"date":"2021-02-19T17:16:46","date_gmt":"2021-02-19T16:16:46","guid":{"rendered":"http:\/\/cftc-boutique-adherent.fr\/?page_id=164"},"modified":"2022-08-05T11:29:19","modified_gmt":"2022-08-05T09:29:19","slug":"a-propos-du-site","status":"publish","type":"page","link":"https:\/\/cftc-boutique-adherent.fr\/?page_id=164","title":{"rendered":"A propos du site"},"content":{"rendered":"\r\n<p>Bienvenue sur la boutique du site des adh\u00e9rents du SICSTI CFTC.<\/p>\r\n\r\n\r\n\r\n<p>Ce site a pour objectif de vous offrir des offres promotionnelles dans des domaines aussi vari\u00e9s que la culture, le sport, le bien-\u00eatre et la maison.<\/p>\r\n\r\n\r\n\r\n<p>A travers ce site, vous \u00eates mis en relation avec les offres de nos partenaires. Le SICSTI n\u2019est qu\u2019un interm\u00e9diaire.<\/p>\r\n\r\n\r\n\r\n<p>Nous souhaitons valoriser les initiatives locales, si vous avez des id\u00e9es, <a href=\"https:\/\/cftc-boutique-adherent.fr\/?page_id=149\">n\u2019h\u00e9sitez pas \u00e0 nous contacter<\/a>.<\/p>\r\n","protected":false},"excerpt":{"rendered":"<p>Bienvenue sur la boutique du site des adh\u00e9rents du SICSTI CFTC. Ce site a pour objectif de vous offrir des offres promotionnelles dans des domaines aussi vari\u00e9s que la culture, le sport, le bien-\u00eatre et la maison. A travers ce site, vous \u00eates mis en relation avec les offres de nos partenaires. Le SICSTI n\u2019est [&hellip;]<\/p>\n","protected":false},"author":2,"featured_media":0,"parent":0,"menu_order":0,"comment_status":"closed","ping_status":"closed","template":"","meta":{"footnotes":""},"class_list":["post-164","page","type-page","status-publish","hentry"],"jetpack_sharing_enabled":true,"_links":{"self":[{"href":"https:\/\/cftc-boutique-adherent.fr\/index.php?rest_route=\/wp\/v2\/pages\/164","targetHints":{"allow":["GET"]}}],"collection":[{"href":"https:\/\/cftc-boutique-adherent.fr\/index.php?rest_route=\/wp\/v2\/pages"}],"about":[{"href":"https:\/\/cftc-boutique-adherent.fr\/index.php?rest_route=\/wp\/v2\/types\/page"}],"author":[{"embeddable":true,"href":"https:\/\/cftc-boutique-adherent.fr\/index.php?rest_route=\/wp\/v2\/users\/2"}],"replies":[{"embeddable":true,"href":"https:\/\/cftc-boutique-adherent.fr\/index.php?rest_route=%2Fwp%2Fv2%2Fcomments&post=164"}],"version-history":[{"count":4,"href":"https:\/\/cftc-boutique-adherent.fr\/index.php?rest_route=\/wp\/v2\/pages\/164\/revisions"}],"predecessor-version":[{"id":385,"href":"https:\/\/cftc-boutique-adherent.fr\/index.php?rest_route=\/wp\/v2\/pages\/164\/revisions\/385"}],"wp:attachment":[{"href":"https:\/\/cftc-boutique-adherent.fr\/index.php?rest_route=%2Fwp%2Fv2%2Fmedia&parent=164"}],"curies":[{"name":"wp","href":"https:\/\/api.w.org\/{rel}","templated":true}]}}